{"id":344,"date":"2017-03-27T11:59:28","date_gmt":"2017-03-27T10:59:28","guid":{"rendered":"http:\/\/wp2.konakueche.com\/?page_id=344"},"modified":"2024-04-10T03:58:40","modified_gmt":"2024-04-10T01:58:40","slug":"shop-german","status":"publish","type":"page","link":"https:\/\/konakueche.com\/?page_id=344&lang=de","title":{"rendered":"Produkte"},"content":{"rendered":"<hr \/>\n<p><strong><big><span style=\"color: #008000;\">Direktverkauf f\u00fcr private Kunden<\/span><\/big><\/strong><\/p>\n<p><strong><big>Hefekn\u00f6del<\/big><\/strong><\/p>\n<table style=\"height: 1298px;\" width=\"900\">\n<thead>\n<tr>\n<th width=\"109\"><\/th>\n<th style=\"padding-left: 30px;\" width=\"206\">Bezeichnung<\/th>\n<th style=\"text-align: center;\" width=\"84\">Preis im Direktverkauf<\/th>\n<th style=\"text-align: center;\" width=\"64\">Gewicht<\/th>\n<th style=\"text-align: left;\" width=\"80\">Zustand<\/th>\n<th style=\"text-align: left;\" width=\"216\">Mindesthaltbarkeit<\/th>\n<\/tr>\n<\/thead>\n<tbody>\n<tr>\n<td width=\"109\"><a href=\"http:\/\/wp2.konakueche.com\/wp-content\/uploads\/2017\/03\/NikumanHome600x600.jpg\"><img loading=\"lazy\" decoding=\"async\" class=\"size-thumbnail wp-image-422 aligncenter\" src=\"http:\/\/wp2.konakueche.com\/wp-content\/uploads\/2017\/03\/NikumanHome600x600-150x150.jpg\" alt=\"\" width=\"150\" height=\"150\" vspace=\"5\" srcset=\"https:\/\/www.konakueche.com\/wp-content\/uploads\/2017\/03\/NikumanHome600x600-150x150.jpg 150w, https:\/\/www.konakueche.com\/wp-content\/uploads\/2017\/03\/NikumanHome600x600-300x300.jpg 300w, https:\/\/www.konakueche.com\/wp-content\/uploads\/2017\/03\/NikumanHome600x600.jpg 600w\" sizes=\"auto, (max-width: 150px) 100vw, 150px\" \/><\/a><\/td>\n<td style=\"padding-left: 30px;\" width=\"206\"><strong>Nikuman<\/strong> (Schwein) Normalgr\u00f6\u00dfe, Packung \u00e0 3 St\u00fcck<br \/>\n<a href=\"http:\/\/wp2.konakueche.com\/?page_id=117&amp;lang=de\" target=\"_blank\" rel=\"noopener noreferrer\">weitere Information<\/a><\/td>\n<td style=\"padding-left: 30px;\" width=\"84\">11.40 CHF<\/td>\n<td style=\"text-align: center;\" width=\"64\">300 g<\/td>\n<td style=\"text-align: left;\" width=\"80\">gefroren<\/td>\n<td width=\"216\">bei -18\u00b0 C, 4 Monate<br \/>\nnach dem Auftauen im K\u00fchlschrank 4 Tage<\/td>\n<\/tr>\n<tr>\n<td width=\"109\"><a href=\"http:\/\/wp2.konakueche.com\/wp-content\/uploads\/2017\/03\/VegiHome600x600.jpg\"><img loading=\"lazy\" decoding=\"async\" class=\"size-thumbnail wp-image-427 aligncenter\" src=\"http:\/\/wp2.konakueche.com\/wp-content\/uploads\/2017\/03\/VegiHome600x600-150x150.jpg\" alt=\"Vegi man Home\" width=\"150\" height=\"150\" vspace=\"5\" srcset=\"https:\/\/www.konakueche.com\/wp-content\/uploads\/2017\/03\/VegiHome600x600-150x150.jpg 150w, https:\/\/www.konakueche.com\/wp-content\/uploads\/2017\/03\/VegiHome600x600-300x300.jpg 300w, https:\/\/www.konakueche.com\/wp-content\/uploads\/2017\/03\/VegiHome600x600.jpg 600w\" sizes=\"auto, (max-width: 150px) 100vw, 150px\" \/><\/a><\/td>\n<td style=\"padding-left: 30px;\" width=\"206\"><strong>Vegiman<\/strong> (<span style=\"color: #008000;\"><strong>vegan<\/strong><\/span>) Normalgr\u00f6\u00dfe, Packung \u00e0 3 St\u00fcck<br \/>\n<a href=\"http:\/\/wp2.konakueche.com\/?page_id=117&amp;lang=de\" target=\"_blank\" rel=\"noopener noreferrer\">weitere Information<\/a><\/td>\n<td style=\"padding-left: 30px;\" width=\"84\">11.40 CHF<\/td>\n<td style=\"text-align: center;\" width=\"64\">300 g<\/td>\n<td style=\"text-align: left;\" width=\"80\">gefroren<\/td>\n<td width=\"216\">bei -18\u00b0 C, 4 Monate<br \/>\nnach dem Auftauen im K\u00fchlschrank 4 Tage<\/td>\n<\/tr>\n<tr>\n<td width=\"109\"><a href=\"http:\/\/wp2.konakueche.com\/wp-content\/uploads\/2017\/03\/PouletCurry600x600.jpg\"><img loading=\"lazy\" decoding=\"async\" class=\"size-thumbnail wp-image-429 aligncenter\" src=\"http:\/\/wp2.konakueche.com\/wp-content\/uploads\/2017\/03\/PouletCurry600x600-150x150.jpg\" alt=\"Poulet Curry Home\" width=\"150\" height=\"150\" vspace=\"5\" srcset=\"https:\/\/www.konakueche.com\/wp-content\/uploads\/2017\/03\/PouletCurry600x600-150x150.jpg 150w, https:\/\/www.konakueche.com\/wp-content\/uploads\/2017\/03\/PouletCurry600x600-300x300.jpg 300w, https:\/\/www.konakueche.com\/wp-content\/uploads\/2017\/03\/PouletCurry600x600.jpg 600w\" sizes=\"auto, (max-width: 150px) 100vw, 150px\" \/><\/a><\/td>\n<td style=\"padding-left: 30px;\" width=\"206\"><strong>Curryman<\/strong> (Poulet Curry) Normalgr\u00f6\u00dfe, Packung \u00e0 3 St\u00fcck<br \/>\n<a href=\"http:\/\/wp2.konakueche.com\/?page_id=117&amp;lang=de\" target=\"_blank\" rel=\"noopener noreferrer\">weitere Information<\/a><\/td>\n<td style=\"padding-left: 30px;\" width=\"84\">11.40 CHF<\/td>\n<td style=\"text-align: center;\" width=\"64\">300 g<\/td>\n<td style=\"text-align: left;\" width=\"80\">gefroren<\/td>\n<td width=\"216\">bei -18\u00b0 C, 4 Monate<br \/>\nnach dem Auftauen im K\u00fchlschrank 4 Tage<\/td>\n<\/tr>\n<tr>\n<td width=\"109\"><a href=\"http:\/\/wp2.konakueche.com\/wp-content\/uploads\/2017\/03\/Yuzuman600x600.jpg\"><img loading=\"lazy\" decoding=\"async\" class=\"size-thumbnail wp-image-424 aligncenter\" src=\"http:\/\/wp2.konakueche.com\/wp-content\/uploads\/2017\/03\/Yuzuman600x600-150x150.jpg\" alt=\"Yuzu man Home\" width=\"150\" height=\"150\" vspace=\"5\" srcset=\"https:\/\/www.konakueche.com\/wp-content\/uploads\/2017\/03\/Yuzuman600x600-150x150.jpg 150w, https:\/\/www.konakueche.com\/wp-content\/uploads\/2017\/03\/Yuzuman600x600-300x300.jpg 300w, https:\/\/www.konakueche.com\/wp-content\/uploads\/2017\/03\/Yuzuman600x600.jpg 600w\" sizes=\"auto, (max-width: 150px) 100vw, 150px\" \/><\/a><\/td>\n<td style=\"padding-left: 30px;\" width=\"206\"><strong>Yuzuman\u00a0<\/strong>(Schwein, scharf, mit Yuzu) Normalgr\u00f6\u00dfe, Packung \u00e0 3 St\u00fcck<br \/>\n<a href=\"http:\/\/wp2.konakueche.com\/?page_id=117&amp;lang=de\" target=\"_blank\" rel=\"noopener noreferrer\">weitere Information<\/a><\/td>\n<td style=\"padding-left: 30px;\" width=\"84\">12. &#8211; CHF<\/td>\n<td style=\"text-align: center;\" width=\"64\">300 g<\/td>\n<td style=\"text-align: left;\" width=\"80\">gefroren<\/td>\n<td width=\"216\">bei -18\u00b0 C, 4 Monate<br \/>\nnach dem Auftauen im K\u00fchlschrank 4 Tage<\/td>\n<\/tr>\n<tr>\n<td width=\"109\"><a href=\"http:\/\/wp2.konakueche.com\/wp-content\/uploads\/2017\/03\/Anman600x600.jpg\"><img loading=\"lazy\" decoding=\"async\" class=\"size-thumbnail wp-image-430 aligncenter\" src=\"http:\/\/wp2.konakueche.com\/wp-content\/uploads\/2017\/03\/Anman600x600-150x150.jpg\" alt=\"Anman Home\" width=\"150\" height=\"150\" vspace=\"5\" srcset=\"https:\/\/www.konakueche.com\/wp-content\/uploads\/2017\/03\/Anman600x600-150x150.jpg 150w, https:\/\/www.konakueche.com\/wp-content\/uploads\/2017\/03\/Anman600x600-300x300.jpg 300w, https:\/\/www.konakueche.com\/wp-content\/uploads\/2017\/03\/Anman600x600.jpg 600w\" sizes=\"auto, (max-width: 150px) 100vw, 150px\" \/><\/a><\/td>\n<td style=\"padding-left: 30px;\" width=\"206\"><strong>Anman<\/strong> (S\u00fc\u00dfe Bohnen, <span style=\"color: #008000;\"><strong>vegan<\/strong><\/span>) Normalgr\u00f6\u00dfe, Packung \u00e0 3 St\u00fcck<br \/>\n<a href=\"http:\/\/wp2.konakueche.com\/?page_id=117&amp;lang=de\" target=\"_blank\" rel=\"noopener noreferrer\">weitere Information<\/a><\/td>\n<td style=\"padding-left: 30px;\" width=\"84\">11.40 CHF<\/td>\n<td style=\"text-align: center;\" width=\"64\">300 g<\/td>\n<td style=\"text-align: left;\" width=\"80\">gefroren<\/td>\n<td width=\"216\">bei -18\u00b0 C, 4 Monate<br \/>\nnach dem Auftauen im K\u00fchlschrank 4 Tage<\/td>\n<\/tr>\n<tr>\n<td width=\"109\"><a href=\"http:\/\/www.konakueche.com\/wp-content\/uploads\/2017\/02\/PizzaM.png\"><img loading=\"lazy\" decoding=\"async\" class=\"size-full wp-image-82 aligncenter\" src=\"http:\/\/www.konakueche.com\/wp-content\/uploads\/2017\/02\/PizzaM.png\" alt=\"\" width=\"150\" height=\"150\" \/><\/a><\/td>\n<td style=\"padding-left: 30px;\" width=\"206\"><b>Tomato man\u00a0<\/b>(Tomatensauce mit Mozzarella, <span style=\"color: #008000;\"><strong>vegetarian<\/strong><\/span>) Normalgr\u00f6\u00dfe, Packung \u00e0 3 St\u00fcck<br \/>\n<a href=\"http:\/\/wp2.konakueche.com\/?page_id=117&amp;lang=de\" target=\"_blank\" rel=\"noopener noreferrer\">weitere Information<\/a><\/td>\n<td style=\"padding-left: 30px;\" width=\"84\">11.40 CHF<\/td>\n<td style=\"text-align: center;\" width=\"64\">300 g<\/td>\n<td style=\"text-align: left;\" width=\"80\">gefroren<\/td>\n<td width=\"216\">bei -18\u00b0 C, 4 Monate<br \/>\nnach dem Auftauen im K\u00fchlschrank 4 Tage<\/td>\n<\/tr>\n<\/tbody>\n<\/table>\n<p><strong><big>Japanische S\u00fcssigkeiten<\/big><\/strong><\/p>\n<table style=\"height: 1054px;\" width=\"900\">\n<thead>\n<tr>\n<th width=\"109\"><\/th>\n<th style=\"padding-left: 30px;\" width=\"206\">Bezeichnung<\/th>\n<th style=\"text-align: center;\" width=\"84\">Preis im Direktverkauf<\/th>\n<th style=\"text-align: center;\" width=\"64\">Gewicht<\/th>\n<th style=\"text-align: left;\" width=\"80\">Zustand<\/th>\n<th style=\"text-align: left;\" width=\"216\">Mindesthaltbarkeit<\/th>\n<\/tr>\n<\/thead>\n<tbody>\n<tr>\n<td width=\"109\"><a href=\"http:\/\/wp2.konakueche.com\/wp-content\/uploads\/2017\/03\/DaifukuHome600x600.jpg\"><img loading=\"lazy\" decoding=\"async\" class=\"size-thumbnail wp-image-443 aligncenter\" src=\"http:\/\/wp2.konakueche.com\/wp-content\/uploads\/2017\/03\/DaifukuHome600x600-150x150.jpg\" alt=\"Daifuku Home\" width=\"150\" height=\"150\" vspace=\"5\" srcset=\"https:\/\/www.konakueche.com\/wp-content\/uploads\/2017\/03\/DaifukuHome600x600-150x150.jpg 150w, https:\/\/www.konakueche.com\/wp-content\/uploads\/2017\/03\/DaifukuHome600x600-300x300.jpg 300w, https:\/\/www.konakueche.com\/wp-content\/uploads\/2017\/03\/DaifukuHome600x600.jpg 600w\" sizes=\"auto, (max-width: 150px) 100vw, 150px\" \/><\/a><\/td>\n<td style=\"padding-left: 30px;\" width=\"206\"><strong>Daifuku Mochi<\/strong> (<span style=\"color: #008000;\"><strong>vegan<\/strong><\/span>)<br \/>\nPackung \u00e0 4 St\u00fcck<br \/>\n<a href=\"http:\/\/wp2.konakueche.com\/?page_id=183&amp;lang=de\">weitere Information<\/a><\/td>\n<td style=\"padding-left: 30px;\" width=\"84\">15. &#8211; CHF<\/td>\n<td style=\"text-align: center;\" width=\"64\">260 g<\/td>\n<td style=\"text-align: left;\" width=\"80\">gefroren<\/td>\n<td width=\"216\">bei -18\u00b0 C, 4 Monate<br \/>\nnach dem Auftauen im K\u00fchlschrank 3 Tage<\/td>\n<\/tr>\n<tr>\n<td width=\"109\"><a href=\"http:\/\/wp2.konakueche.com\/wp-content\/uploads\/2017\/03\/KurogomaHome600x600.jpg\"><img loading=\"lazy\" decoding=\"async\" class=\"size-thumbnail wp-image-445 aligncenter\" src=\"http:\/\/wp2.konakueche.com\/wp-content\/uploads\/2017\/03\/KurogomaHome600x600-150x150.jpg\" alt=\"Kurogoma Home\" width=\"150\" height=\"150\" vspace=\"5\" srcset=\"https:\/\/www.konakueche.com\/wp-content\/uploads\/2017\/03\/KurogomaHome600x600-150x150.jpg 150w, https:\/\/www.konakueche.com\/wp-content\/uploads\/2017\/03\/KurogomaHome600x600-300x300.jpg 300w, https:\/\/www.konakueche.com\/wp-content\/uploads\/2017\/03\/KurogomaHome600x600.jpg 600w\" sizes=\"auto, (max-width: 150px) 100vw, 150px\" \/><\/a><\/td>\n<td style=\"padding-left: 30px;\" width=\"206\"><strong>Black Sesam Daifuku Mochi<\/strong> (<strong><span style=\"color: #008000;\">vegan<\/span><\/strong>)<br \/>\nPackung \u00e0 4 St\u00fcck<br \/>\n<a href=\"http:\/\/wp2.konakueche.com\/?page_id=183&amp;lang=de\">weitere Information<\/a><\/td>\n<td style=\"padding-left: 30px;\" width=\"84\">16. &#8211; CHF<\/td>\n<td style=\"text-align: center;\" width=\"64\">260 g<\/td>\n<td style=\"text-align: left;\" width=\"80\">gefroren<\/td>\n<td width=\"216\">bei -18\u00b0 C, 4 Monate<br \/>\nnach dem Auftauen im K\u00fchlschrank 3 Tage<\/td>\n<\/tr>\n<tr>\n<td width=\"109\"><a href=\"http:\/\/wp2.konakueche.com\/wp-content\/uploads\/2017\/03\/SakuraHome600x600.jpg\"><img loading=\"lazy\" decoding=\"async\" class=\"size-thumbnail wp-image-446 aligncenter\" src=\"http:\/\/wp2.konakueche.com\/wp-content\/uploads\/2017\/03\/SakuraHome600x600-150x150.jpg\" alt=\"Sakura Mochi Home\" width=\"150\" height=\"150\" vspace=\"5\" srcset=\"https:\/\/www.konakueche.com\/wp-content\/uploads\/2017\/03\/SakuraHome600x600-150x150.jpg 150w, https:\/\/www.konakueche.com\/wp-content\/uploads\/2017\/03\/SakuraHome600x600-300x300.jpg 300w, https:\/\/www.konakueche.com\/wp-content\/uploads\/2017\/03\/SakuraHome600x600.jpg 600w\" sizes=\"auto, (max-width: 150px) 100vw, 150px\" \/><\/a><\/td>\n<td style=\"padding-left: 30px;\" width=\"206\"><strong>Sakura Mochi<\/strong> (<span style=\"color: #008000;\"><strong>vegan<\/strong><\/span>)<br \/>\nPackung \u00e0 2 St\u00fcck<br \/>\n<a href=\"http:\/\/wp2.konakueche.com\/?page_id=183&amp;lang=de\">weitere Information<\/a><\/td>\n<td style=\"padding-left: 30px;\" width=\"84\">9. &#8211; CHF<\/td>\n<td style=\"text-align: center;\" width=\"64\">130 g<\/td>\n<td style=\"text-align: left;\" width=\"80\">gefroren<\/td>\n<td width=\"216\">bei -18\u00b0 C, 4 Monate<br \/>\nnach dem Auftauen im K\u00fchlschrank 2 Tage<\/td>\n<\/tr>\n<tr>\n<td width=\"109\"><a href=\"http:\/\/wp2.konakueche.com\/wp-content\/uploads\/2017\/03\/DorayakiHome600x600.jpg\"><img loading=\"lazy\" decoding=\"async\" class=\"size-thumbnail wp-image-449 aligncenter\" src=\"http:\/\/wp2.konakueche.com\/wp-content\/uploads\/2017\/03\/DorayakiHome600x600-150x150.jpg\" alt=\"Dorayaki Home\" width=\"150\" height=\"150\" vspace=\"5\" srcset=\"https:\/\/www.konakueche.com\/wp-content\/uploads\/2017\/03\/DorayakiHome600x600-150x150.jpg 150w, https:\/\/www.konakueche.com\/wp-content\/uploads\/2017\/03\/DorayakiHome600x600-300x300.jpg 300w, https:\/\/www.konakueche.com\/wp-content\/uploads\/2017\/03\/DorayakiHome600x600.jpg 600w\" sizes=\"auto, (max-width: 150px) 100vw, 150px\" \/><\/a><\/td>\n<td style=\"padding-left: 30px;\" width=\"206\"><strong>Dorayaki<\/strong><br \/>\nPackung \u00e0 3 St\u00fcck<br \/>\n<a href=\"http:\/\/wp2.konakueche.com\/?page_id=183&amp;lang=de\">weitere Information<\/a><\/td>\n<td style=\"padding-left: 30px;\" width=\"84\">12.50 CHF<\/td>\n<td style=\"text-align: center;\" width=\"64\">280 g<\/td>\n<td style=\"text-align: left;\" width=\"80\">gefroren<\/td>\n<td width=\"216\">bei -18\u00b0 C, 4 Monate<br \/>\nnach dem Auftauen im K\u00fchlschrank 4 Tage<\/td>\n<\/tr>\n<tr>\n<td width=\"109\"><a href=\"http:\/\/www.konakueche.com\/wp-content\/uploads\/2017\/03\/MatchaMousseMochi600x600.jpg\"><img loading=\"lazy\" decoding=\"async\" class=\"size-thumbnail wp-image-450 aligncenter\" src=\"http:\/\/www.konakueche.com\/wp-content\/uploads\/2017\/03\/MatchaMousseMochi600x600-150x150.jpg\" alt=\"\" width=\"150\" height=\"150\" vspace=\"5\" \/><\/a><\/td>\n<td style=\"padding-left: 30px;\" width=\"206\"><strong>Matcha Mousse Mochi<\/strong><br \/>\nPackung \u00e0 4 St\u00fcck<br \/>\n<a href=\"http:\/\/wp2.konakueche.com\/?page_id=183&amp;lang=de\">weitere Information<\/a><\/td>\n<td style=\"padding-left: 30px;\" width=\"84\">17.- CHF<\/td>\n<td style=\"text-align: center;\" width=\"64\">210 g<\/td>\n<td style=\"text-align: left;\" width=\"80\">gefroren<\/td>\n<td width=\"216\">bei -18\u00b0 C, 4 Monate<br \/>\nnach dem Auftauen im K\u00fchlschrank 3 Tage<\/td>\n<\/tr>\n<tr>\n<td width=\"109\"><a href=\"http:\/\/www.konakueche.com\/wp-content\/uploads\/2018\/04\/Erdbeermoussedaifuku.jpg\"><img loading=\"lazy\" decoding=\"async\" class=\"size-full wp-image-784\" src=\"http:\/\/www.konakueche.com\/wp-content\/uploads\/2018\/04\/Erdbeermoussedaifuku.jpg\" alt=\"Erdbeermousse Mochi\" width=\"600\" height=\"600\" srcset=\"https:\/\/www.konakueche.com\/wp-content\/uploads\/2018\/04\/Erdbeermoussedaifuku.jpg 600w, https:\/\/www.konakueche.com\/wp-content\/uploads\/2018\/04\/Erdbeermoussedaifuku-150x150.jpg 150w, https:\/\/www.konakueche.com\/wp-content\/uploads\/2018\/04\/Erdbeermoussedaifuku-300x300.jpg 300w\" sizes=\"auto, (max-width: 600px) 100vw, 600px\" \/><\/a><\/td>\n<td style=\"padding-left: 30px;\" width=\"206\"><strong>Erdbeermousse Mochi<\/strong><br \/>\nPackung \u00e0 4 St\u00fcck<\/td>\n<td style=\"padding-left: 30px;\" width=\"84\">17.- CHF<\/td>\n<td style=\"text-align: center;\" width=\"64\">260 g<\/td>\n<td style=\"text-align: left;\" width=\"80\">gefroren<\/td>\n<td width=\"216\">bei -18\u00b0 C, 4 Monate<br \/>\nnach dem Auftauen im K\u00fchlschrank 3 Tage<\/td>\n<\/tr>\n<tr>\n<td width=\"109\"><a href=\"http:\/\/www.konakueche.com\/wp-content\/uploads\/2020\/03\/CocosMochi-3.jpg\"><img loading=\"lazy\" decoding=\"async\" class=\"alignnone wp-image-902 size-thumbnail\" src=\"http:\/\/www.konakueche.com\/wp-content\/uploads\/2020\/03\/CocosMochi-3-150x150.jpg\" alt=\"Coconuts Mochi\" width=\"150\" height=\"150\" srcset=\"https:\/\/www.konakueche.com\/wp-content\/uploads\/2020\/03\/CocosMochi-3-150x150.jpg 150w, https:\/\/www.konakueche.com\/wp-content\/uploads\/2020\/03\/CocosMochi-3-300x300.jpg 300w, https:\/\/www.konakueche.com\/wp-content\/uploads\/2020\/03\/CocosMochi-3.jpg 600w\" sizes=\"auto, (max-width: 150px) 100vw, 150px\" \/><\/a><\/td>\n<td style=\"padding-left: 30px;\" width=\"206\"><strong>Kokosnuss Mochi\u00a0<\/strong><br \/>\nPackung \u00e0 4 St\u00fcckWeisse Schokoladenmousse innen und Mochi aus Kokosmilch aussen.<\/td>\n<td style=\"padding-left: 30px;\" width=\"84\">17.- CHF<\/td>\n<td style=\"text-align: center;\" width=\"64\">210 g<\/td>\n<td style=\"text-align: left;\" width=\"80\">gefroren<\/td>\n<td width=\"216\">bei -18\u00b0 C, 4 Monate<br \/>\nnach dem Auftauen im K\u00fchlschrank 3 Tage<\/td>\n<\/tr>\n<tr>\n<td style=\"text-align: center;\" width=\"109\"><a href=\"http:\/\/www.konakueche.com\/wp-content\/uploads\/2020\/03\/MatchaMochi-1.jpg\"><img loading=\"lazy\" decoding=\"async\" class=\"wp-image-900 size-thumbnail\" src=\"http:\/\/www.konakueche.com\/wp-content\/uploads\/2020\/03\/MatchaMochi-1-150x150.jpg\" alt=\"Matcha Mochi\" width=\"150\" height=\"150\" srcset=\"https:\/\/www.konakueche.com\/wp-content\/uploads\/2020\/03\/MatchaMochi-1-150x150.jpg 150w, https:\/\/www.konakueche.com\/wp-content\/uploads\/2020\/03\/MatchaMochi-1-300x300.jpg 300w, https:\/\/www.konakueche.com\/wp-content\/uploads\/2020\/03\/MatchaMochi-1.jpg 600w\" sizes=\"auto, (max-width: 150px) 100vw, 150px\" \/><\/a><\/td>\n<td style=\"padding-left: 30px;\" width=\"206\"><strong>Matcha Daifuku Mochi<\/strong><br \/>\nPackung \u00e0 4 St\u00fcck<br \/>\nAn aus weisse Bohnen und Matcha<br \/>\nf\u00fcr Matcha Liebhaber<\/td>\n<td style=\"padding-left: 30px;\" width=\"84\">17.- CHF<\/td>\n<td style=\"text-align: center;\" width=\"64\">210 g<\/td>\n<td style=\"text-align: left;\" width=\"80\">gefroren<\/td>\n<td width=\"216\">bei -18\u00b0 C, 4 Monate<br \/>\nnach dem Auftauen im K\u00fchlschrank 3 Tage<\/td>\n<\/tr>\n<\/tbody>\n<\/table>\n<p><b>Gyoza<\/b><\/p>\n<p><a href=\"http:\/\/www.konakueche.com\/wp-content\/uploads\/2020\/03\/Gyoza1.jpg\"><img loading=\"lazy\" decoding=\"async\" class=\"wp-image-890\" src=\"http:\/\/www.konakueche.com\/wp-content\/uploads\/2020\/03\/Gyoza1.jpg\" alt=\"Gyoza\" width=\"349\" height=\"262\" srcset=\"https:\/\/www.konakueche.com\/wp-content\/uploads\/2020\/03\/Gyoza1.jpg 680w, https:\/\/www.konakueche.com\/wp-content\/uploads\/2020\/03\/Gyoza1-300x225.jpg 300w\" sizes=\"auto, (max-width: 349px) 100vw, 349px\" \/>Serviervorschlag<\/a><\/p>\n<p>Unsere Gyoza sind mit Schweizer Fleisch und Schweizer Gem\u00fcse hergestellt.<br \/>\nGyoza sind vorgegart und tiefgek\u00fchlt. Mann kann gefrorene Gyozas direkt in der heissen Pfanne mit Deckel anbraten.<br \/>\n1 Packung beinhaltet 30 St\u00fcck \u00e0 24 g.<\/p>\n<p>Sortiment:<br \/>\nPork Gyoza<br \/>\nGem\u00fcse Gyoza (Vegan, mit Tofu)<br \/>\nsaisonale B\u00e4rlauch Pork Gyoza<br \/>\nsaisonale B\u00e4rlauch Gem\u00fcse Gyoza (Vegan)<\/p>\n<p><strong><big>Japanische spezielle Lebensmittel und Gew\u00fcrze, Zutaten aus Europa<\/big><\/strong><\/p>\n<table style=\"height: 1175px;\" width=\"900\">\n<thead>\n<tr>\n<th width=\"109\"><\/th>\n<th style=\"padding-left: 30px;\" width=\"206\">Bezeichnung<\/th>\n<th style=\"text-align: center;\" width=\"84\">Preis im Direktverkauf<\/th>\n<th style=\"text-align: center;\" width=\"64\">Gewicht<\/th>\n<th style=\"text-align: left;\" width=\"80\">Zustand<\/th>\n<th style=\"text-align: left;\" width=\"216\">Mindesthaltbarkeit<\/th>\n<\/tr>\n<\/thead>\n<tbody>\n<tr>\n<td width=\"109\"><a href=\"http:\/\/www.konakueche.com\/?page_id=818&amp;lang=de\"><img loading=\"lazy\" decoding=\"async\" class=\"size-medium wp-image-790 aligncenter\" src=\"http:\/\/www.konakueche.com\/wp-content\/uploads\/2018\/04\/KojiVersand-300x300.jpg\" alt=\"\" width=\"150\" height=\"150\" vspace=\"5\" srcset=\"https:\/\/www.konakueche.com\/wp-content\/uploads\/2018\/04\/KojiVersand-300x300.jpg 300w, https:\/\/www.konakueche.com\/wp-content\/uploads\/2018\/04\/KojiVersand-150x150.jpg 150w, https:\/\/www.konakueche.com\/wp-content\/uploads\/2018\/04\/KojiVersand.jpg 600w\" sizes=\"auto, (max-width: 150px) 100vw, 150px\" \/><\/a><\/td>\n<td style=\"padding-left: 30px;\" width=\"206\"><b>Koji frisch<\/b><\/p>\n<p style=\"padding-left: 30px;\"><span style=\"color: #008000;\"><strong>Reis aus Italien<\/strong><\/span><\/p>\n<p><a href=\"http:\/\/www.konakueche.com\/?page_id=818&amp;lang=de\">Was ist Koji? Weitere Information<\/a><\/td>\n<td style=\"padding-left: 30px;\" width=\"84\">4.50 CHF \/ 100 g<\/td>\n<td style=\"text-align: center;\" width=\"64\">100-2000 g<\/td>\n<td style=\"text-align: left;\" width=\"80\">gek\u00fchlt<\/td>\n<td width=\"216\">im K\u00fchlschrank 5 Tage<br \/>\nim Tiefk\u00fchler 3 Monate<\/td>\n<\/tr>\n<tr>\n<td width=\"109\"><a href=\"http:\/\/www.konakueche.com\/wp-content\/uploads\/2018\/04\/Miso.jpg\"><img loading=\"lazy\" decoding=\"async\" class=\"size-medium wp-image-791 aligncenter\" src=\"http:\/\/www.konakueche.com\/wp-content\/uploads\/2018\/04\/Miso-300x300.jpg\" alt=\"\" width=\"150\" height=\"150\" vspace=\"5\" srcset=\"https:\/\/www.konakueche.com\/wp-content\/uploads\/2018\/04\/Miso-300x300.jpg 300w, https:\/\/www.konakueche.com\/wp-content\/uploads\/2018\/04\/Miso-150x150.jpg 150w, https:\/\/www.konakueche.com\/wp-content\/uploads\/2018\/04\/Miso.jpg 600w\" sizes=\"auto, (max-width: 150px) 100vw, 150px\" \/><\/a><\/td>\n<td style=\"padding-left: 30px;\" width=\"206\"><b>hausgemachtes Miso<br \/>\n<\/b><\/p>\n<p style=\"padding-left: 30px;\"><strong><span style=\"color: #008000;\">Reis aus Italien<br \/>\nSojabohnen aus Deutschland<br \/>\nMeersalz aus Mittelmeer<\/span><\/strong><\/p>\n<\/td>\n<td style=\"padding-left: 30px;\" width=\"84\">10. &#8211; CHF<\/td>\n<td style=\"text-align: center;\" width=\"64\">300 g<\/td>\n<td style=\"text-align: left;\" width=\"80\">gek\u00fchlt<\/td>\n<td width=\"216\">im K\u00fchlschrank 12 Monate<\/td>\n<\/tr>\n<tr>\n<td width=\"109\"><a href=\"http:\/\/www.konakueche.com\/wp-content\/uploads\/2018\/04\/Natto.jpg\"><img loading=\"lazy\" decoding=\"async\" class=\"size-medium wp-image-795 aligncenter\" src=\"http:\/\/www.konakueche.com\/wp-content\/uploads\/2018\/04\/Natto-300x300.jpg\" alt=\"\" width=\"150\" height=\"150\" vspace=\"5\" srcset=\"https:\/\/www.konakueche.com\/wp-content\/uploads\/2018\/04\/Natto-300x300.jpg 300w, https:\/\/www.konakueche.com\/wp-content\/uploads\/2018\/04\/Natto-150x150.jpg 150w, https:\/\/www.konakueche.com\/wp-content\/uploads\/2018\/04\/Natto.jpg 600w\" sizes=\"auto, (max-width: 150px) 100vw, 150px\" \/><\/a><\/td>\n<td style=\"padding-left: 30px;\" width=\"206\"><b>Natto<br \/>\n<\/b><\/p>\n<p style=\"padding-left: 30px;\"><strong><span style=\"color: #008000;\">Sojabohnen aus Deutschland<\/span><\/strong><\/p>\n<\/td>\n<td style=\"padding-left: 30px;\" width=\"84\">5.- CHF<\/td>\n<td style=\"text-align: center;\" width=\"64\">150 g<\/td>\n<td style=\"text-align: left;\" width=\"80\">gefroren<\/td>\n<td width=\"216\">bei -18\u00b0 C, 4 Monate<\/td>\n<\/tr>\n<tr>\n<td width=\"109\"><a href=\"http:\/\/www.konakueche.com\/wp-content\/uploads\/2018\/04\/BioShiitake.jpg\"><img loading=\"lazy\" decoding=\"async\" class=\"size-medium wp-image-797 aligncenter\" src=\"http:\/\/www.konakueche.com\/wp-content\/uploads\/2018\/04\/BioShiitake-300x300.jpg\" alt=\"\" width=\"150\" height=\"150\" vspace=\"5\" srcset=\"https:\/\/www.konakueche.com\/wp-content\/uploads\/2018\/04\/BioShiitake-300x300.jpg 300w, https:\/\/www.konakueche.com\/wp-content\/uploads\/2018\/04\/BioShiitake-150x150.jpg 150w, https:\/\/www.konakueche.com\/wp-content\/uploads\/2018\/04\/BioShiitake.jpg 600w\" sizes=\"auto, (max-width: 150px) 100vw, 150px\" \/><\/a><\/td>\n<td style=\"padding-left: 30px;\" width=\"206\"><b>getrocknete Shiitakepilze<br \/>\n<\/b><\/p>\n<p style=\"padding-left: 30px;\"><strong><span style=\"color: #008000;\">Shiitakepilze aus der Schweiz<\/span><\/strong><\/p>\n<\/td>\n<td style=\"padding-left: 30px;\" width=\"84\">10.- CHF<\/td>\n<td style=\"text-align: center;\" width=\"64\">50g<\/td>\n<td style=\"text-align: left;\" width=\"80\"><\/td>\n<td width=\"216\">12 Monate<\/td>\n<\/tr>\n<\/tbody>\n<\/table>\n","protected":false},"excerpt":{"rendered":"<p>Direktverkauf f\u00fcr private Kunden Hefekn\u00f6del Bezeichnung Preis im Direktverkauf Gewicht Zustand Mindesthaltbarkeit Nikuman (Schwein) Normalgr\u00f6\u00dfe, Packung \u00e0 3 St\u00fcck weitere Information 11.40 CHF 300 g gefroren bei -18\u00b0 C, 4 Monate nach dem Auftauen im K\u00fchlschrank 4 Tage Vegiman (vegan) Normalgr\u00f6\u00dfe, Packung \u00e0 3 St\u00fcck weitere Information 11.40 CHF 300 g gefroren bei -18\u00b0 C, <a class=\"read-more\" href=\"https:\/\/konakueche.com\/?page_id=344&#038;lang=de\">Read More<\/a><\/p>\n","protected":false},"author":1,"featured_media":0,"parent":0,"menu_order":0,"comment_status":"closed","ping_status":"closed","template":"","meta":{"_crdt_document":"","footnotes":""},"class_list":["post-344","page","type-page","status-publish","hentry"],"_links":{"self":[{"href":"https:\/\/konakueche.com\/index.php?rest_route=\/wp\/v2\/pages\/344","targetHints":{"allow":["GET"]}}],"collection":[{"href":"https:\/\/konakueche.com\/index.php?rest_route=\/wp\/v2\/pages"}],"about":[{"href":"https:\/\/konakueche.com\/index.php?rest_route=\/wp\/v2\/types\/page"}],"author":[{"embeddable":true,"href":"https:\/\/konakueche.com\/index.php?rest_route=\/wp\/v2\/users\/1"}],"replies":[{"embeddable":true,"href":"https:\/\/konakueche.com\/index.php?rest_route=%2Fwp%2Fv2%2Fcomments&post=344"}],"version-history":[{"count":47,"href":"https:\/\/konakueche.com\/index.php?rest_route=\/wp\/v2\/pages\/344\/revisions"}],"predecessor-version":[{"id":1273,"href":"https:\/\/konakueche.com\/index.php?rest_route=\/wp\/v2\/pages\/344\/revisions\/1273"}],"wp:attachment":[{"href":"https:\/\/konakueche.com\/index.php?rest_route=%2Fwp%2Fv2%2Fmedia&parent=344"}],"curies":[{"name":"wp","href":"https:\/\/api.w.org\/{rel}","templated":true}]}}