{"id":211,"date":"2017-03-15T17:04:29","date_gmt":"2017-03-15T17:04:29","guid":{"rendered":"http:\/\/wp2.konakueche.com\/?page_id=211"},"modified":"2023-04-17T21:07:29","modified_gmt":"2023-04-17T19:07:29","slug":"japanische-suswaren","status":"publish","type":"page","link":"https:\/\/konakueche.com\/?page_id=211&lang=de","title":{"rendered":"Mochi"},"content":{"rendered":"<header class=\"entry-header\">\n<p class=\"entry-title\"><span style=\"font-size: inherit;\">Wagashi, traditionelle japanische S\u00fc\u00dfigkeiten, finden immer mehr Liebhaber in der Schweiz. Vielleicht haben Sie Wagashi bereits auf einer Japanreise oder als Dessert in einem japanischen Restaurant kennengelernt.<\/span><\/p>\n<\/header>\n<article id=\"post-183\" class=\"post-183 page type-page status-publish hentry\">\n<div class=\"entry-content\">\n<p>Zuerst begann der\u00a0Wagashi-Boom mit Matcha, dem Gr\u00fcntee-Pulver, dann bekamen viele Kinozuschauer durch den\u00a0Film &#8220;AN&#8221; Appetit auf Dorayaki (japanische Pfannnkuchen mit S\u00fcssbohnenpaste), und inzwischen entdecken Wagashi-Fans Mochi-Konfekt.<\/p>\n<p>Bei Kona K\u00fcche\u00a0wird &#8220;An&#8221; (s\u00fc\u00dfe Bohnenpaste) aus Bio-Azukibohnen und wei\u00dfen Bio-Bohnen sorgf\u00e4ltig von Hand hergestellt.<\/p>\n<p>Die Dorayaki sind mit Schweizer Eiern gebacken, und f\u00fcr Mochi mischen wir frisch gemahlenen Klebreis, um eine\u00a0fantastisch feine Beschaffenheit zu erzielen. Wir\u00a0bieten echte Wagashi in der Schweiz mit besten Zutaten und ohne Kompromisse an!<\/p>\n<p><strong>Schweizer Bio Azuki-bohnen!<\/strong><br \/>\nWir d\u00fcrfen im Jahr 2019 in der Schweiz erste bio Azukibohnen anbauen lassen und seit Januar 2020 produzieren wir unsere Wagashi mit Schweizer Bio Azukibohnen!<\/p>\n<table style=\"width: 80%; border-collapse: collapse;\">\n<tbody>\n<tr>\n<td style=\"width: 20%;\"><a href=\"http:\/\/www.konakueche.com\/wp-content\/uploads\/2020\/03\/SchweizerAzukiBio1.jpg\"><img loading=\"lazy\" decoding=\"async\" class=\"wp-image-883 aligncenter\" src=\"http:\/\/www.konakueche.com\/wp-content\/uploads\/2020\/03\/SchweizerAzukiBio1.jpg\" alt=\"Schweizer Azuki Bio\" width=\"120\" height=\"160\" srcset=\"https:\/\/www.konakueche.com\/wp-content\/uploads\/2020\/03\/SchweizerAzukiBio1.jpg 600w, https:\/\/www.konakueche.com\/wp-content\/uploads\/2020\/03\/SchweizerAzukiBio1-225x300.jpg 225w\" sizes=\"auto, (max-width: 120px) 100vw, 120px\" \/><\/a><\/td>\n<td style=\"width: 20%;\"><a href=\"http:\/\/www.konakueche.com\/wp-content\/uploads\/2020\/03\/SchweizerAzukiBio2.jpg\"><img loading=\"lazy\" decoding=\"async\" class=\"wp-image-885 aligncenter\" src=\"http:\/\/www.konakueche.com\/wp-content\/uploads\/2020\/03\/SchweizerAzukiBio2.jpg\" alt=\"Schweizer Azuki Bio\" width=\"120\" height=\"160\" srcset=\"https:\/\/www.konakueche.com\/wp-content\/uploads\/2020\/03\/SchweizerAzukiBio2.jpg 600w, https:\/\/www.konakueche.com\/wp-content\/uploads\/2020\/03\/SchweizerAzukiBio2-225x300.jpg 225w\" sizes=\"auto, (max-width: 120px) 100vw, 120px\" \/><\/a><\/td>\n<td style=\"width: 20%;\"><a href=\"http:\/\/www.konakueche.com\/wp-content\/uploads\/2020\/03\/SchweizerAzukiBio3.jpg\"><img loading=\"lazy\" decoding=\"async\" class=\"wp-image-886 aligncenter\" src=\"http:\/\/www.konakueche.com\/wp-content\/uploads\/2020\/03\/SchweizerAzukiBio3.jpg\" alt=\"Schweizer Azuki Bio\" width=\"120\" height=\"160\" srcset=\"https:\/\/www.konakueche.com\/wp-content\/uploads\/2020\/03\/SchweizerAzukiBio3.jpg 600w, https:\/\/www.konakueche.com\/wp-content\/uploads\/2020\/03\/SchweizerAzukiBio3-225x300.jpg 225w\" sizes=\"auto, (max-width: 120px) 100vw, 120px\" \/><\/a><\/td>\n<td style=\"width: 20%;\"><a href=\"http:\/\/www.konakueche.com\/wp-content\/uploads\/2020\/03\/SchweizerAzukiBio4.jpg\"><img loading=\"lazy\" decoding=\"async\" class=\"wp-image-887 aligncenter\" src=\"http:\/\/www.konakueche.com\/wp-content\/uploads\/2020\/03\/SchweizerAzukiBio4.jpg\" alt=\"Ernte\" width=\"160\" height=\"120\" srcset=\"https:\/\/www.konakueche.com\/wp-content\/uploads\/2020\/03\/SchweizerAzukiBio4.jpg 600w, https:\/\/www.konakueche.com\/wp-content\/uploads\/2020\/03\/SchweizerAzukiBio4-300x225.jpg 300w\" sizes=\"auto, (max-width: 160px) 100vw, 160px\" \/><\/a><\/td>\n<td style=\"width: 20%;\"><a href=\"http:\/\/www.konakueche.com\/wp-content\/uploads\/2020\/03\/SchweizerAzukiBio5.jpg\"><img loading=\"lazy\" decoding=\"async\" class=\"wp-image-888 aligncenter\" src=\"http:\/\/www.konakueche.com\/wp-content\/uploads\/2020\/03\/SchweizerAzukiBio5.jpg\" alt=\"Schweizer Azuki Bio\" width=\"160\" height=\"120\" srcset=\"https:\/\/www.konakueche.com\/wp-content\/uploads\/2020\/03\/SchweizerAzukiBio5.jpg 600w, https:\/\/www.konakueche.com\/wp-content\/uploads\/2020\/03\/SchweizerAzukiBio5-300x225.jpg 300w\" sizes=\"auto, (max-width: 160px) 100vw, 160px\" \/><\/a><\/td>\n<\/tr>\n<tr>\n<td style=\"width: 20%; text-align: center;\">Azukifeld in CH<\/td>\n<td style=\"width: 20%; text-align: center;\">Sommer<\/td>\n<td style=\"width: 20%; text-align: center;\">Herbst<\/td>\n<td style=\"width: 20%; text-align: center;\">Ernte<\/td>\n<td style=\"width: 20%; text-align: center;\">Bio Azuki<\/td>\n<\/tr>\n<\/tbody>\n<\/table>\n<p><strong>Wie isst man Wagashi von Kona K\u00fcche?<\/strong><\/p>\n<p>Wir verkaufen Wagashi gefroren. Bitte zuerst bei Zimmertemperatur 2 Stunden\u00a0lang auftauen und dann genie\u00dfen!<\/p>\n<p>Bitte aufgetaute Wagashi nicht wieder einfrieren!<\/p>\n<p>Nach dem Auftauen k\u00f6nnen Sie Wagashi im K\u00fchlschrank aufbewahren. Die Haltbarkeit im K\u00fchlschrank betr\u00e4gt:<br \/>\nSakura-Mochi: 1 Tag<br \/>\nMochi (Daifuku, Kurogoma Daifuku): 2 Tage<br \/>\nDorayaki, Matcha Manju: 3 Tage<\/p>\n<\/div>\n<\/article>\n<p><span style=\"color: #008000;\"><strong>Wagashi-Sortiment<\/strong><\/span><\/p>\n<table width=\"665\">\n<tbody>\n<tr>\n<td width=\"64\"><a href=\"http:\/\/wp2.konakueche.com\/wp-content\/uploads\/2017\/02\/Daifuku950x600.jpg\"><img loading=\"lazy\" decoding=\"async\" class=\"size-thumbnail wp-image-454\" src=\"http:\/\/wp2.konakueche.com\/wp-content\/uploads\/2017\/02\/Daifuku950x600-150x150.jpg\" alt=\"Daifuku\" width=\"150\" height=\"150\" \/><\/a><\/td>\n<td style=\"padding-left: 30px;\" width=\"601\"><strong>Daifuku\u00a0Mochi<br \/>\n<\/strong>sehr angenehme Beschaffenheit, fantastische Kombination von fl\u00fcchtigem\u00a0Salzgeschmack und s\u00fc\u00dfem An (Bohnenpaste)<\/td>\n<\/tr>\n<tr>\n<td><a href=\"http:\/\/wp2.konakueche.com\/wp-content\/uploads\/2017\/02\/Kurogoma950x600.jpg\"><img loading=\"lazy\" decoding=\"async\" class=\"size-thumbnail wp-image-455\" src=\"http:\/\/wp2.konakueche.com\/wp-content\/uploads\/2017\/02\/Kurogoma950x600-150x150.jpg\" alt=\"Kurogoma Daifuku\" width=\"150\" height=\"150\" \/><\/a><\/td>\n<td style=\"padding-left: 30px;\"><strong>Kurogoma Daifuku Mochi (Mochi mit schwarzem Sesam)<\/strong><br \/>\nder etwas herbe Geschmack von schwarzem Sesam gibt dem Mochi einen interessanten Akzent<br \/>\nsehr beliebt bei einheimischen Kunden<\/td>\n<\/tr>\n<tr>\n<td><a href=\"http:\/\/wp2.konakueche.com\/wp-content\/uploads\/2017\/02\/SakuraMochi950x600.jpg\"><img loading=\"lazy\" decoding=\"async\" class=\"size-thumbnail wp-image-456\" src=\"http:\/\/wp2.konakueche.com\/wp-content\/uploads\/2017\/02\/SakuraMochi950x600-150x150.jpg\" alt=\"Sakura Mochi\" width=\"150\" height=\"150\" \/><\/a><\/td>\n<td style=\"padding-left: 30px;\"><b><b>Sakura Mochi (Mochi im Kirschbaumblatt<\/b><\/b><b>)<\/b><br \/>\nsch\u00f6ne, rosarote Farbe f\u00fcr das Auge, feiner Duft vom Kirschbaumblatt (wie Waldmeisterduft)<br \/>\nedler, s\u00fc\u00dfer Geschmack von passiertem An<\/td>\n<\/tr>\n<tr>\n<td><a href=\"http:\/\/wp2.konakueche.com\/wp-content\/uploads\/2017\/02\/Dorayaki950x600.jpg\"><img loading=\"lazy\" decoding=\"async\" class=\"size-thumbnail wp-image-457\" src=\"http:\/\/wp2.konakueche.com\/wp-content\/uploads\/2017\/02\/Dorayaki950x600-150x150.jpg\" alt=\"Dorayaki\" width=\"150\" height=\"150\" \/><\/a><\/td>\n<td style=\"padding-left: 30px;\"><strong>Dorayaki<\/strong><br \/>\nJapanische Pfannkuchen mit An<br \/>\nGanz genau nach altem, traditionellen Rezept wie im Film &#8220;AN&#8221;<\/td>\n<\/tr>\n<tr>\n<td><a href=\"http:\/\/www.konakueche.com\/wp-content\/uploads\/2020\/03\/MatchaMochi-1.jpg\"><img loading=\"lazy\" decoding=\"async\" class=\"alignnone wp-image-900 size-thumbnail\" src=\"http:\/\/www.konakueche.com\/wp-content\/uploads\/2020\/03\/MatchaMochi-1-150x150.jpg\" alt=\"Matcha Mochi\" width=\"150\" height=\"150\" srcset=\"https:\/\/www.konakueche.com\/wp-content\/uploads\/2020\/03\/MatchaMochi-1-150x150.jpg 150w, https:\/\/www.konakueche.com\/wp-content\/uploads\/2020\/03\/MatchaMochi-1-300x300.jpg 300w, https:\/\/www.konakueche.com\/wp-content\/uploads\/2020\/03\/MatchaMochi-1.jpg 600w\" sizes=\"auto, (max-width: 150px) 100vw, 150px\" \/><\/a><\/td>\n<td style=\"padding-left: 30px;\"><b><b>Matcha \u00a0Mochi(Gr\u00fcntee-An Mochi<\/b><\/b><b>)<\/b><br \/>\nF\u00fcr alle Matcha-Liebhaber<br \/>\nMochi und edlem, s\u00fc\u00dfem Matcha-An<\/td>\n<\/tr>\n<tr>\n<td><a href=\"http:\/\/www.konakueche.com\/wp-content\/uploads\/2017\/03\/MatchaMousseMochi600x600.jpg\"><img loading=\"lazy\" decoding=\"async\" class=\"size-thumbnail wp-image-458\" src=\"http:\/\/wp2.konakueche.com\/wp-content\/uploads\/\/2017\/03\/MatchaMousseMochi600x600.jpg\" alt=\"Mochi Mousse\" width=\"150\" height=\"150\" \/><\/a><\/td>\n<td style=\"padding-left: 30px;\"><b><b>Matcha \u00a0Mousse Mochi\u00a0(Gr\u00fcntee-Mousse mit Mochi<\/b><\/b><b>)<\/b><br \/>\nGanz neues fantastisches Erlebnis mit Mousse in Mochi<\/td>\n<\/tr>\n<tr>\n<td><a href=\"http:\/\/www.konakueche.com\/wp-content\/uploads\/2020\/03\/CocosMochi-3.jpg\"><img loading=\"lazy\" decoding=\"async\" class=\"alignnone wp-image-902 size-thumbnail\" src=\"http:\/\/www.konakueche.com\/wp-content\/uploads\/2020\/03\/CocosMochi-3-150x150.jpg\" alt=\"Coconuts Mochi\" width=\"150\" height=\"150\" srcset=\"https:\/\/www.konakueche.com\/wp-content\/uploads\/2020\/03\/CocosMochi-3-150x150.jpg 150w, https:\/\/www.konakueche.com\/wp-content\/uploads\/2020\/03\/CocosMochi-3-300x300.jpg 300w, https:\/\/www.konakueche.com\/wp-content\/uploads\/2020\/03\/CocosMochi-3.jpg 600w\" sizes=\"auto, (max-width: 150px) 100vw, 150px\" \/><\/a><\/td>\n<td style=\"padding-left: 30px;\"><b>Kokosnuss Mousse Mochi<\/b><br \/>\nMochi aus Kokosmilch und weisse Schokoladen-Mousse drin<\/td>\n<\/tr>\n<tr>\n<td><a href=\"http:\/\/www.konakueche.com\/wp-content\/uploads\/2018\/03\/Erdbeermoussedaifuku.jpg\"><img loading=\"lazy\" decoding=\"async\" class=\"size-medium wp-image-720\" src=\"http:\/\/www.konakueche.com\/wp-content\/uploads\/2018\/03\/Erdbeermoussedaifuku-300x300.jpg\" width=\"150\" height=\"150\" vspace=\"10\" srcset=\"https:\/\/www.konakueche.com\/wp-content\/uploads\/2018\/03\/Erdbeermoussedaifuku-300x300.jpg 300w, https:\/\/www.konakueche.com\/wp-content\/uploads\/2018\/03\/Erdbeermoussedaifuku-150x150.jpg 150w, https:\/\/www.konakueche.com\/wp-content\/uploads\/2018\/03\/Erdbeermoussedaifuku.jpg 600w\" sizes=\"auto, (max-width: 150px) 100vw, 150px\" \/><\/a><\/td>\n<td style=\"padding-left: 30px;\"><strong>Erdbeer Mousse Mochi\uff08Saisonal\uff09<\/strong><br \/>\nErdbeer Mousse mit selbstgemachte getrocknete Erdbeerst\u00fcckchen. Eine Shicht An (S\u00fcsse Bohnenpaste) passt sogar super damit.<\/td>\n<\/tr>\n<\/tbody>\n<\/table>\n","protected":false},"excerpt":{"rendered":"<p>Wagashi, traditionelle japanische S\u00fc\u00dfigkeiten, finden immer mehr Liebhaber in der Schweiz. Vielleicht haben Sie Wagashi bereits auf einer Japanreise oder als Dessert in einem japanischen Restaurant kennengelernt. Zuerst begann der\u00a0Wagashi-Boom mit Matcha, dem Gr\u00fcntee-Pulver, dann bekamen viele Kinozuschauer durch den\u00a0Film &#8220;AN&#8221; Appetit auf Dorayaki (japanische Pfannnkuchen mit S\u00fcssbohnenpaste), und inzwischen entdecken Wagashi-Fans Mochi-Konfekt. Bei Kona <a class=\"read-more\" href=\"https:\/\/konakueche.com\/?page_id=211&#038;lang=de\">Read More<\/a><\/p>\n","protected":false},"author":1,"featured_media":0,"parent":0,"menu_order":0,"comment_status":"closed","ping_status":"closed","template":"","meta":{"_crdt_document":"","footnotes":""},"class_list":["post-211","page","type-page","status-publish","hentry"],"_links":{"self":[{"href":"https:\/\/konakueche.com\/index.php?rest_route=\/wp\/v2\/pages\/211","targetHints":{"allow":["GET"]}}],"collection":[{"href":"https:\/\/konakueche.com\/index.php?rest_route=\/wp\/v2\/pages"}],"about":[{"href":"https:\/\/konakueche.com\/index.php?rest_route=\/wp\/v2\/types\/page"}],"author":[{"embeddable":true,"href":"https:\/\/konakueche.com\/index.php?rest_route=\/wp\/v2\/users\/1"}],"replies":[{"embeddable":true,"href":"https:\/\/konakueche.com\/index.php?rest_route=%2Fwp%2Fv2%2Fcomments&post=211"}],"version-history":[{"count":29,"href":"https:\/\/konakueche.com\/index.php?rest_route=\/wp\/v2\/pages\/211\/revisions"}],"predecessor-version":[{"id":991,"href":"https:\/\/konakueche.com\/index.php?rest_route=\/wp\/v2\/pages\/211\/revisions\/991"}],"wp:attachment":[{"href":"https:\/\/konakueche.com\/index.php?rest_route=%2Fwp%2Fv2%2Fmedia&parent=211"}],"curies":[{"name":"wp","href":"https:\/\/api.w.org\/{rel}","templated":true}]}}